{"id":385,"date":"2019-05-21T15:32:32","date_gmt":"2019-05-21T13:32:32","guid":{"rendered":"https:\/\/home-computer-maintenance.com\/?page_id=385"},"modified":"2023-01-29T11:24:50","modified_gmt":"2023-01-29T10:24:50","slug":"tarifs","status":"publish","type":"page","link":"https:\/\/home-computer-maintenance.com\/?page_id=385","title":{"rendered":"NOS TARIFS au 01\/01\/2023"},"content":{"rendered":"\r\n<figure class=\"wp-block-image is-resized\"><img decoding=\"async\" class=\"wp-image-133\" src=\"https:\/\/home-computer-maintenance.com\/wp-content\/uploads\/2019\/03\/Sans-titre-1.png\" alt=\"\" width=\"460\" height=\"48\" srcset=\"https:\/\/home-computer-maintenance.com\/wp-content\/uploads\/2019\/03\/Sans-titre-1.png 797w, https:\/\/home-computer-maintenance.com\/wp-content\/uploads\/2019\/03\/Sans-titre-1-300x32.png 300w, https:\/\/home-computer-maintenance.com\/wp-content\/uploads\/2019\/03\/Sans-titre-1-768x81.png 768w, https:\/\/home-computer-maintenance.com\/wp-content\/uploads\/2019\/03\/Sans-titre-1-465x49.png 465w, https:\/\/home-computer-maintenance.com\/wp-content\/uploads\/2019\/03\/Sans-titre-1-695x73.png 695w\" sizes=\"(max-width: 460px) 100vw, 460px\" \/><\/figure>\r\n\r\n<p>&nbsp;<\/p>\r\n<p><span style=\"color: #000000;\"><strong>Nos<\/strong> tarifs sont forfaitaires pour les particuliers (d\u00e9placement compris) dans la limite de deux heures d&rsquo;intervention sur place. Pour vous \u00e9viter des d\u00e9sagr\u00e9ments, vous savez donc \u00e0 l&rsquo;avance ce que vous allez payer.<\/span><br \/>N&rsquo;h\u00e9sitez<span style=\"color: #666699;\"><span style=\"color: #000000;\"> pas \u00e0 nous demander notre grille tarifaire par mail : contact@home-computer-maintenance.com, par t\u00e9l\u00e9phone au 06 21 27 33 32, par courrier : <strong>HOME COMPUTER MAINTENANCE<\/strong> 171 Quai Auguste Meynier, Carnon Plage, 34130 MAUGUIO<\/span><\/span><\/p>\r\n<p>&nbsp;<\/p>\r\n<ul>\r\n<li style=\"text-align: justify;\"><span style=\"color: #000000;\">Pour les r\u00e9parations mat\u00e9rielles, un devis sera \u00e9tabli \u00e0 votre demande.<\/span><\/li>\r\n<li style=\"text-align: justify;\"><span style=\"color: #000000;\">Devis sur demande pour interventions particuli\u00e8res ainsi que les contrats de maintenance pour les particuliers et les professionn<\/span>els<\/li>\r\n<li style=\"text-align: justify;\"><span style=\"color: #000000;\">Nous nous d\u00e9pla\u00e7ons habituellement dans un rayon de 20 km, mais tous les cas de figure peuvent \u00eatre \u00e9tudi\u00e9s.<\/span><\/li>\r\n<li style=\"text-align: justify;\"><span style=\"color: #000000;\">N&rsquo;oubliez pas que nous effectuons aussi de la t\u00e9l\u00e9maintenance, prestations largement d\u00e9velopp\u00e9es dans le milieu professionnel. Nous l&rsquo;adaptons aux particuliers pour mieux vous servir. Paiement en ligne et tarifs <a href=\"https:\/\/home-computer-maintenance.com\/index.php\/telemaintenance\/\"><strong>ici<\/strong><\/a> &#8230;<\/span><\/li>\r\n<\/ul>\r\n<p><strong>Avec notre service de t\u00e9l\u00e9maintenance, vous pouvez b\u00e9n\u00e9ficier de nos interventions sur votre ordinateur, o\u00f9 que vous soyez dans le monde, pour autant que vous disposiez d&rsquo;une connexion Internet fonctionnelle.<\/strong><\/p>\r\n<p style=\"text-align: justify;\"><strong><span style=\"color: #000000;\">Si<\/span> l&rsquo;intervention \u00e0 votre domicile n\u00e9cessite une dur\u00e9e d&rsquo;interventions de plus de deux heures ou une intervention mat\u00e9rielle avec d\u00e9montage de l&rsquo;ordinateur, nous r\u00e9cup\u00e9reront votre mat\u00e9riel dans nos locaux et vous le restituons \u00e0 domicile une fois r\u00e9par\u00e9.<\/strong><\/p>\r\n<p><strong><span style=\"color: #008080;\">Contactez-nous pour de plus amples informations au 06 21 27 33 32<\/span><\/strong><\/p>\r\n<p><strong>\u00a0<\/strong>\u00a0 \u00a0 \u00a0 \u00a0 \u00a0 \u00a0 \u00a0 \u00a0 \u00a0 \u00a0 \u00a0 \u00a0 \u00a0 \u00a0 \u00a0 \u00a0 \u00a0 \u00a0 \u00a0 \u00a0 \u00a0 \u00a0 \u00a0 \u00a0 \u00a0 \u00a0 \u00a0 \u00a0 \u00a0 \u00a0 \u00a0 \u00a0 \u00a0 \u00a0 \u00a0 \u00a0 \u00a0 \u00a0 \u00a0 \u00a0 \u00a0<\/p>\r\n<p><strong>Mise \u00e0 jour 11\/11\/2021<\/strong><\/p>\r\n<p><strong>\u00a0<\/strong><\/p>\r\n<p><strong>NOS TARIFS <\/strong><\/p>\r\n<p>Tous nos tarifs sont Toutes taxes comprises<\/p>\r\n<p><strong>TVA non applicable, art. 293B du CGI<\/strong><\/p>\r\n<p>&nbsp;<\/p>\r\n<table>\r\n<tbody>\r\n<tr>\r\n<td>\r\n<p><strong>Forfaits et prix unitaire<\/strong><strong> \u00a0<\/strong>(voir observations)<\/p>\r\n<\/td>\r\n<td>\r\n<p><strong>Prix TTC en euros<\/strong><\/p>\r\n<\/td>\r\n<\/tr>\r\n<tr>\r\n<td>\r\n<p>Forfaits de bases maintenances ou diagnostic \u00e0 domicile jusqu\u2019\u00e0 15 km de Carnon Plage si aucune autre prestation<\/p>\r\n<\/td>\r\n<td>\r\n<p>80,00<\/p>\r\n<\/td>\r\n<\/tr>\r\n<tr>\r\n<td>\r\n<p>Forfaits installation mat\u00e9rielle ordinateur, mise en route et param\u00e9trages<\/p>\r\n<\/td>\r\n<td>\r\n<p>90,00<\/p>\r\n<\/td>\r\n<\/tr>\r\n<tr>\r\n<td>\r\n<p>Forfaits d\u00e9pannage mat\u00e9riel qui n\u00e9cessite le d\u00e9montage d&rsquo;un ordinateur portable<\/p>\r\n<\/td>\r\n<td>\r\n<p>90,00<\/p>\r\n<\/td>\r\n<\/tr>\r\n<tr>\r\n<td>\r\n<p>Forfaits Passage de Windows 7 \u00e0 Windows 10 (Comprend la sauvegarde de s\u00e9curit\u00e9 des donn\u00e9es au pr\u00e9alable, l&rsquo;optimisation l&rsquo;ensemble des mises \u00e0 jour et bien entendu le swap des donn\u00e9es)<\/p>\r\n<\/td>\r\n<td>\r\n<p>80,00<\/p>\r\n<\/td>\r\n<\/tr>\r\n<tr>\r\n<td>\r\n<p>D\u00e9placement sur Montpellier pour intervention inf\u00e9rieure \u00e0 la demi journ\u00e9e<\/p>\r\n<\/td>\r\n<td>\r\n<p>60,00<\/p>\r\n<\/td>\r\n<\/tr>\r\n<tr>\r\n<td>\r\n<p>D\u00e9placement de 20 km \u00e0 30 km<\/p>\r\n<\/td>\r\n<td>\r\n<p>40,00<\/p>\r\n<\/td>\r\n<\/tr>\r\n<tr>\r\n<td>\r\n<p>D\u00e9placement au-del\u00e0 de 30 km\u00a0<\/p>\r\n<\/td>\r\n<td>\r\n<p>d X 60 cts \/ km<\/p>\r\n<\/td>\r\n<\/tr>\r\n<tr>\r\n<td>\r\n<p>Flashage mise \u00e0 jour bios (Si autre prestation factur\u00e9)<\/p>\r\n<\/td>\r\n<td>\r\n<p>30,00<\/p>\r\n<\/td>\r\n<\/tr>\r\n<tr>\r\n<td>\r\n<p>D\u00e9montage et nettoyage hardware complet ordinateur (Si autre prestation factur\u00e9)<\/p>\r\n<\/td>\r\n<td>\r\n<p>20,00<\/p>\r\n<\/td>\r\n<\/tr>\r\n<tr>\r\n<td>\r\n<p>Mise \u00e0 jour, param\u00e9trage et configuration syst\u00e8me d&rsquo;exploitation (Si autre prestation factur\u00e9)<\/p>\r\n<\/td>\r\n<td>\r\n<p>20,00<\/p>\r\n<\/td>\r\n<\/tr>\r\n<tr>\r\n<td>\r\n<p>Installation syst\u00e8me d&rsquo;exploitation avec mises \u00e0 jour et param\u00e9trage<\/p>\r\n<\/td>\r\n<td>\r\n<p>80,00<\/p>\r\n<\/td>\r\n<\/tr>\r\n<tr>\r\n<td>\r\n<p>Installation logiciel avec mises \u00e0 jour et param\u00e9trage (Si autre prestation factur\u00e9)<\/p>\r\n<\/td>\r\n<td>\r\n<p>20,00<\/p>\r\n<\/td>\r\n<\/tr>\r\n<tr>\r\n<td>\r\n<p>R\u00e9cup\u00e9ration et sauvegarde Suite \u00e0 panne de disque dur<\/p>\r\n<\/td>\r\n<td>\r\n<p>80,00<\/p>\r\n<\/td>\r\n<\/tr>\r\n<tr>\r\n<td>\r\n<p>Sauvegardes ou migration donn\u00e9es m\u00e9moires flash : USB, SD\u2026 (Si autre prestation factur\u00e9)<\/p>\r\n<\/td>\r\n<td>\r\n<p>20,00<\/p>\r\n<\/td>\r\n<\/tr>\r\n<tr>\r\n<td>\r\n<p>T\u00e9l\u00e9maintenance de base<\/p>\r\n<\/td>\r\n<td>\r\n<p>45,00<\/p>\r\n<\/td>\r\n<\/tr>\r\n<tr>\r\n<td>\r\n<p>T\u00e9l\u00e9maintenance approfondie<\/p>\r\n<\/td>\r\n<td>\r\n<p>65,00<\/p>\r\n<\/td>\r\n<\/tr>\r\n<tr>\r\n<td>\r\n<p>D\u00e9montage ordinateur portable pour remplacement disque dur, ajout de m\u00e9moire, remplacement batterie (Si autre prestation factur\u00e9)<\/p>\r\n<\/td>\r\n<td>\r\n<p>10,00<\/p>\r\n<\/td>\r\n<\/tr>\r\n<tr>\r\n<td>\r\n<p>Tarifs horaires TVA non applicable, art. 293B du CGI<\/p>\r\n<\/td>\r\n<td>\r\n<p>55 euros \/heures<\/p>\r\n<\/td>\r\n<\/tr>\r\n<tr>\r\n<td>\r\n<p>Au-del\u00e0 de 100 km et jusqu\u2019\u00e0 199 km Tarification minimale d\u2019une demi-journ\u00e9e<\/p>\r\n<\/td>\r\n<td>\r\n<p>400.00<\/p>\r\n<\/td>\r\n<\/tr>\r\n<tr>\r\n<td>\r\n<p>Au-del\u00e0 de 200 km Tarification minimale la journ\u00e9e *<\/p>\r\n<\/td>\r\n<td>\r\n<p>600.00<\/p>\r\n<\/td>\r\n<\/tr>\r\n<\/tbody>\r\n<\/table>\r\n<table>\r\n<tbody>\r\n<tr>\r\n<td width=\"299\">\r\n<p><strong>\u00a0<\/strong><\/p>\r\n<\/td>\r\n<td width=\"398\">\r\n<p><strong>OBSERVATIONS<\/strong><\/p>\r\n<\/td>\r\n<\/tr>\r\n<tr>\r\n<td colspan=\"2\" width=\"697\">\r\n<p><strong>Nos tarifs sont forfaitaires pour les particuliers et les associations, et horaires pour les entreprises, les commerces et les administrations.<\/strong><\/p>\r\n<p>Le montant total de l&rsquo;intervention sera minor\u00e9 en fonction des op\u00e9rations effectu\u00e9es. Par exemple, le forfait de base ne sera pas factur\u00e9 en plus pour une intervention de r\u00e9cup\u00e9ration de donn\u00e9es, d&rsquo;installation d&rsquo;un syst\u00e8me d&rsquo;exploitation, etc. La minoration de la facture sera proportionnelle au nombre d&rsquo;op\u00e9rations effectu\u00e9es. Par exemple, s&rsquo;il y a cumul d&rsquo;un diagnostic, changement d&rsquo;un disque dur, r\u00e9cup\u00e9ration des donn\u00e9es de l&rsquo;ancien disque dur, installation d&rsquo;un nouveau syst\u00e8me d&rsquo;exploitation, param\u00e9trage et mise \u00e0 jour cumulative de celui-ci, un montant forfaitaire de l&rsquo;ensemble de ces op\u00e9rations sera \u00e9tabli pr\u00e9alablement \u00e0 l&rsquo;intervention.<\/p>\r\n<p><strong>Les tarifs des pi\u00e8ces (disque dur, m\u00e9moire, batterie, \u00e9cran, plasturgie, carte m\u00e8re, etc.) seront indiqu\u00e9s au client avant toute intervention. Home Computer Maintenance ne pratique pas de marge sur les pi\u00e8ces d\u00e9tach\u00e9es, vous payez r\u00e9ellement le prix fournisseur.<\/strong><\/p>\r\n<p>&nbsp;<\/p>\r\n<p><strong>*Au-del\u00e0 de 200 km, des frais suppl\u00e9mentaires peuvent \u00eatre factur\u00e9s, tels que l&rsquo;h\u00e9bergement et la restauration.<\/strong><\/p>\r\n<p>&nbsp;<\/p>\r\n<\/td>\r\n<\/tr>\r\n<\/tbody>\r\n<\/table>\r\n\r\n<figure class=\"wp-block-image\"><img fetchpriority=\"high\" decoding=\"async\" width=\"1024\" height=\"73\" class=\"wp-image-417\" src=\"https:\/\/home-computer-maintenance.com\/wp-content\/uploads\/2019\/05\/HOME-COMPUTER-MAINTENANCE-1024x73.png\" alt=\"\" srcset=\"https:\/\/home-computer-maintenance.com\/wp-content\/uploads\/2019\/05\/HOME-COMPUTER-MAINTENANCE-1024x73.png 1024w, https:\/\/home-computer-maintenance.com\/wp-content\/uploads\/2019\/05\/HOME-COMPUTER-MAINTENANCE-300x22.png 300w, https:\/\/home-computer-maintenance.com\/wp-content\/uploads\/2019\/05\/HOME-COMPUTER-MAINTENANCE-768x55.png 768w, https:\/\/home-computer-maintenance.com\/wp-content\/uploads\/2019\/05\/HOME-COMPUTER-MAINTENANCE.png 1073w\" sizes=\"(max-width: 1024px) 100vw, 1024px\" \/><\/figure>\r\n\r\n<p style=\"text-align: center;\"><strong>Nous acceptons, m\u00eame \u00e0 domicile et sur site les paiements par cartes bancaires\u00a0<\/strong><\/p>\r\n<p style=\"text-align: center;\">Paiements accept\u00e9s : Esp\u00e8ces, cartes visa, Mastercard, virement (seulement pour les entreprises), par lien mail ou SMS&#8230;<\/p>\r\n<p style=\"text-align: justify;\"><img decoding=\"async\" class=\" wp-image-727 aligncenter\" src=\"https:\/\/home-computer-maintenance.com\/wp-content\/uploads\/2019\/07\/Capture-d\u2019\u00e9cran-2018-08-04-\u00e0-17.29.26-300x58.png\" alt=\"\" width=\"683\" height=\"132\" srcset=\"https:\/\/home-computer-maintenance.com\/wp-content\/uploads\/2019\/07\/Capture-d\u2019\u00e9cran-2018-08-04-\u00e0-17.29.26-300x58.png 300w, https:\/\/home-computer-maintenance.com\/wp-content\/uploads\/2019\/07\/Capture-d\u2019\u00e9cran-2018-08-04-\u00e0-17.29.26-768x149.png 768w, https:\/\/home-computer-maintenance.com\/wp-content\/uploads\/2019\/07\/Capture-d\u2019\u00e9cran-2018-08-04-\u00e0-17.29.26-1024x198.png 1024w, https:\/\/home-computer-maintenance.com\/wp-content\/uploads\/2019\/07\/Capture-d\u2019\u00e9cran-2018-08-04-\u00e0-17.29.26.png 1168w\" sizes=\"(max-width: 683px) 100vw, 683px\" \/><\/p>\r\n\r\n<div class=\"wp-block-button\"><a class=\"wp-block-button__link\" href=\"https:\/\/home-computer-maintenance.com\/\">Accueil<\/a><\/div>\r\n","protected":false},"excerpt":{"rendered":"<p>&nbsp; Nos tarifs sont forfaitaires pour les particuliers (d\u00e9placement compris) dans la limite de deux heures d&rsquo;intervention sur place. Pour&hellip;<\/p>\n","protected":false},"author":1,"featured_media":0,"parent":0,"menu_order":0,"comment_status":"closed","ping_status":"closed","template":"","meta":{"om_disable_all_campaigns":false,"_monsterinsights_skip_tracking":false,"_monsterinsights_sitenote_active":false,"_monsterinsights_sitenote_note":"","_monsterinsights_sitenote_category":0,"footnotes":""},"class_list":["post-385","page","type-page","status-publish","hentry"],"aioseo_notices":[],"_links":{"self":[{"href":"https:\/\/home-computer-maintenance.com\/index.php?rest_route=\/wp\/v2\/pages\/385","targetHints":{"allow":["GET"]}}],"collection":[{"href":"https:\/\/home-computer-maintenance.com\/index.php?rest_route=\/wp\/v2\/pages"}],"about":[{"href":"https:\/\/home-computer-maintenance.com\/index.php?rest_route=\/wp\/v2\/types\/page"}],"author":[{"embeddable":true,"href":"https:\/\/home-computer-maintenance.com\/index.php?rest_route=\/wp\/v2\/users\/1"}],"replies":[{"embeddable":true,"href":"https:\/\/home-computer-maintenance.com\/index.php?rest_route=%2Fwp%2Fv2%2Fcomments&post=385"}],"version-history":[{"count":57,"href":"https:\/\/home-computer-maintenance.com\/index.php?rest_route=\/wp\/v2\/pages\/385\/revisions"}],"predecessor-version":[{"id":1834,"href":"https:\/\/home-computer-maintenance.com\/index.php?rest_route=\/wp\/v2\/pages\/385\/revisions\/1834"}],"wp:attachment":[{"href":"https:\/\/home-computer-maintenance.com\/index.php?rest_route=%2Fwp%2Fv2%2Fmedia&parent=385"}],"curies":[{"name":"wp","href":"https:\/\/api.w.org\/{rel}","templated":true}]}}